{"id":3981,"date":"2024-08-09T18:43:01","date_gmt":"2024-08-09T18:43:01","guid":{"rendered":"https:\/\/prodentalut.com\/?page_id=3981"},"modified":"2025-03-16T23:25:27","modified_gmt":"2025-03-16T23:25:27","slug":"cookies-policy","status":"publish","type":"page","link":"https:\/\/prodentalut.com\/es\/cookies-policy\/","title":{"rendered":"Pol\u00edtica de Cookies"},"content":{"rendered":"<div data-elementor-type=\"wp-page\" data-elementor-id=\"3981\" class=\"elementor elementor-3981\" data-elementor-post-type=\"page\">\n\t\t\t\t<div data-dce-background-overlay-color=\"#2C5D83\" data-dce-background-image-url=\"https:\/\/prodentalut.com\/wp-content\/uploads\/2024\/08\/Untitled-design-2024-08-08T161257.967.jpg\" class=\"elementor-element elementor-element-8d7ab20 e-con-full e-flex elementor-invisible e-con e-parent\" data-id=\"8d7ab20\" data-element_type=\"container\" data-e-type=\"container\" data-settings=\"{&quot;background_background&quot;:&quot;classic&quot;,&quot;animation&quot;:&quot;default&quot;,&quot;animation_delay&quot;:100}\">\n\t\t\t\t<div class=\"elementor-element elementor-element-448e619 elementor-invisible elementor-widget elementor-widget-text-editor\" data-id=\"448e619\" data-element_type=\"widget\" data-e-type=\"widget\" data-settings=\"{&quot;_animation&quot;:&quot;default&quot;,&quot;_animation_delay&quot;:150}\" data-widget_type=\"text-editor.default\">\n\t\t\t\t<div class=\"elementor-widget-container\">\n\t\t\t\t\t\t\t\t\tPOL\u00cdTICA DE COOKIES\t\t\t\t\t\t\t\t<\/div>\n\t\t\t\t<\/div>\n\t\t\t\t<div class=\"elementor-element elementor-element-e4a0dc5 elementor-invisible elementor-widget elementor-widget-heading\" data-id=\"e4a0dc5\" data-element_type=\"widget\" data-e-type=\"widget\" data-settings=\"{&quot;_animation&quot;:&quot;default&quot;,&quot;_animation_delay&quot;:200}\" data-widget_type=\"heading.default\">\n\t\t\t\t<div class=\"elementor-widget-container\">\n\t\t\t\t\t<h2 class=\"elementor-heading-title elementor-size-default\">C\u00f3mo utilizamos las cookies<\/h2>\t\t\t\t<\/div>\n\t\t\t\t<\/div>\n\t\t\t\t<div class=\"elementor-element elementor-element-c39c70c elementor-invisible elementor-widget elementor-widget-text-editor\" data-id=\"c39c70c\" data-element_type=\"widget\" data-e-type=\"widget\" data-settings=\"{&quot;_animation&quot;:&quot;default&quot;,&quot;_animation_delay&quot;:250}\" data-widget_type=\"text-editor.default\">\n\t\t\t\t<div class=\"elementor-widget-container\">\n\t\t\t\t\t\t\t\t\tLas cookies nos ayudan a comprender sus preferencias, mejorar la funcionalidad del sitio y ofrecer contenido personalizado. En esta secci\u00f3n se detallan los tipos de cookies que utilizamos, su finalidad y c\u00f3mo puede gestionarlas o desactivarlas. \t\t\t\t\t\t\t\t<\/div>\n\t\t\t\t<\/div>\n\t\t\t\t<\/div>\n\t\t<div class=\"elementor-element elementor-element-8243e75 e-con-full e-flex elementor-invisible e-con e-parent\" data-id=\"8243e75\" data-element_type=\"container\" data-e-type=\"container\" data-settings=\"{&quot;animation&quot;:&quot;default&quot;,&quot;animation_delay&quot;:100}\">\n\t\t\t\t<div class=\"elementor-element elementor-element-195746a elementor-widget elementor-widget-text-editor\" data-id=\"195746a\" data-element_type=\"widget\" data-e-type=\"widget\" data-widget_type=\"text-editor.default\">\n\t\t\t\t<div class=\"elementor-widget-container\">\n\t\t\t\t\t\t\t\t\t<p><strong>\u00daltima actualizaci\u00f3n: 15 de agosto de 2024<\/strong><\/p>\n<p>Esta Pol\u00edtica de Cookies explica qu\u00e9 son las Cookies y c\u00f3mo las utilizamos. Debe leer esta pol\u00edtica para poder comprender qu\u00e9 tipo de cookies utilizamos, o la informaci\u00f3n que recopilamos mediante Cookies y c\u00f3mo se utiliza esa informaci\u00f3n. Esta Pol\u00edtica de Cookies se ha creado con la ayuda de <a href=\"https:\/\/www.termsfeed.com\/cookies-policy-generator\/\" target=\"_blank\" rel=\"noopener\">Generador de Pol\u00edticas de Cookies<\/a>.<\/p>\n<p>Las cookies no suelen contener informaci\u00f3n que identifique personalmente a un usuario, pero la informaci\u00f3n personal que almacenamos sobre usted puede estar vinculada a la informaci\u00f3n almacenada y obtenida a trav\u00e9s de las cookies. Para obtener m\u00e1s informaci\u00f3n sobre c\u00f3mo usamos, almacenamos y mantenemos seguros sus datos personales, consulte nuestra Pol\u00edtica de privacidad.<\/p>\n<p>No almacenamos informaci\u00f3n personal confidencial, como direcciones de correo, contrase\u00f1as de cuentas, etc. en las Cookies que utilizamos.<\/p>\n<h2><b>Interpretaci\u00f3n y definiciones<\/b><\/h2>\n<h3>Interpretaci\u00f3n<\/h3>\n<p>Las palabras cuya letra inicial est\u00e1 en may\u00fascula tienen significados definidos en las siguientes condiciones. Las siguientes definiciones tendr\u00e1n el mismo significado independientemente de que aparezcan en singular o en plural.<\/p>\n<h3>Definiciones<\/h3>\n<p>A los efectos de la presente Pol\u00edtica de Cookies:<\/p>\n<ul>\n<li><strong>Compa\u00f1\u00eda<\/strong> (en esta Pol\u00edtica de cookies, denominada \u201cla Compa\u00f1\u00eda\u201d, \u201cNosotros\u201d, \u201cNos\u201d o \u201cNuestro\u201d) se refiere a Professional Dental, 1172 W 700 N, Lindon, Utah 84042 Estados Unidos.<\/li>\n<li><strong>Galletas<\/strong> significa peque\u00f1os archivos que un sitio web coloca en su computadora, dispositivo m\u00f3vil o cualquier otro dispositivo, que contienen detalles de su historial de navegaci\u00f3n en ese sitio web, entre sus muchos usos.<\/li>\n<li><strong>Sitio Web<\/strong> se refiere a Odontolog\u00eda Profesional, accesible desde <a href=\"https:\/\/prodentalut.com\/es\/\">https:\/\/prodentalut.com\/<\/a><\/li>\n<li><strong>T\u00fa<\/strong> significa el individuo que accede o utiliza el Sitio web, o una empresa, o cualquier entidad legal en nombre de la cual dicho individuo accede o utiliza el Sitio web, seg\u00fan corresponda.<\/li>\n<\/ul>\n<h2><b>El uso de las Cookies<\/b><\/h2>\n<h3><b>Tipos de cookies que utilizamos<\/b><\/h3>\n<p>Las cookies pueden ser \u201cpersistentes\u201d o \u201cde sesi\u00f3n\u201d. Las cookies persistentes permanecen en su computadora personal o dispositivo m\u00f3vil cuando se desconecta, mientras que las cookies de sesi\u00f3n se eliminan tan pronto como cierra su navegador web.<\/p>\n<p>Utilizamos cookies tanto de sesi\u00f3n como persistentes para los fines que se detallan a continuaci\u00f3n:<\/p>\n<p><strong>Cookies necesarias\/esenciales<\/strong><\/p>\n<p>Tipo: Cookies de sesi\u00f3n<\/p>\n<p>Administrado por: Nosotros<\/p>\n<p>Finalidad: Estas cookies son esenciales para proporcionarle los servicios disponibles a trav\u00e9s del sitio web y permitirle utilizar algunas de sus funciones. Ayudan a autenticar a los usuarios y a evitar el uso fraudulento de las cuentas de usuario. Sin estas cookies, no se pueden proporcionar los servicios que ha solicitado y solo utilizamos estas cookies para proporcionarle dichos servicios.<\/p>\n<p><strong>Cookies de funcionalidad<\/strong><\/p>\n<p>Tipo: Cookies persistentes<\/p>\n<p>Administrado por: Nosotros<\/p>\n<p>Finalidad: Estas cookies nos permiten recordar las opciones que usted elige cuando utiliza el sitio web, como por ejemplo sus datos de acceso o su preferencia de idioma. La finalidad de estas cookies es proporcionarle una experiencia m\u00e1s personalizada y evitar que tenga que volver a introducir sus preferencias cada vez que utilice el sitio web.<\/p>\n<h3><b>Sus opciones con respecto a las cookies<\/b><\/h3>\n<p>Si prefiere evitar el uso de Cookies en el Sitio Web, en primer lugar deber\u00e1 desactivar el uso de Cookies en su navegador y, a continuaci\u00f3n, eliminar las Cookies guardadas en su navegador asociadas a este sitio web. Puede utilizar esta opci\u00f3n para evitar el uso de Cookies en cualquier momento.<\/p>\n<p>Si no acepta nuestras cookies, puede experimentar algunos inconvenientes en el uso del sitio web y algunas funciones pueden no funcionar correctamente.<\/p>\n<p>Si desea eliminar las cookies o indicarle a su navegador web que elimine o rechace las cookies, visite las p\u00e1ginas de ayuda de su navegador web.<\/p>\n<p>Para el navegador web Chrome, visite esta p\u00e1gina de Google: <a href=\"https:\/\/support.google.com\/accounts\/answer\/32050\" target=\"_blank\" rel=\"noopener\">https:\/\/support.google.com\/accounts\/answer\/32050<\/a><\/p>\n<p>Para el navegador web Internet Explorer, visite esta p\u00e1gina de Microsoft: <a href=\"http:\/\/support.microsoft.com\/kb\/278835\" target=\"_blank\" rel=\"noopener\">http:\/\/support.microsoft.com\/kb\/278835<\/a><\/p>\n<p>Para el navegador web Firefox, visite esta p\u00e1gina de Mozilla: <a href=\"https:\/\/support.mozilla.org\/en-US\/kb\/delete-cookies-remove-info-websites-stored\" target=\"_blank\" rel=\"noopener\">https:\/\/support.mozilla.org\/en-US\/kb\/delete-cookies-remove-info-websites-stored<\/a><\/p>\n<p>Para el navegador web Safari, visite esta p\u00e1gina de Apple: <a href=\"https:\/\/support.apple.com\/guide\/safari\/manage-cookies-and-website-data-sfri11471\/mac\" target=\"_blank\" rel=\"noopener\">https:\/\/support.apple.com\/guide\/safari\/manage-cookies-and-website-data-sfri11471\/mac<\/a><\/p>\n<p>Para cualquier otro navegador web, visite las p\u00e1ginas web oficiales de su navegador.<\/p>\n<h3><b>M\u00e1s informaci\u00f3n sobre las cookies<\/b><\/h3>\n<h3><b>Cont\u00e1ctenos<\/b><\/h3>\n<p>Si tiene alguna duda sobre esta Pol\u00edtica de Cookies, puede contactar con nosotros:<\/p>\n<p><b>Por correo electr\u00f3nico: info@prodentalut.com<\/b><\/p>\n<p><b>Por correo postal: 1172 W 700 N, Lindon, Utah 84042 Estados Unidos<\/b><\/p>\t\t\t\t\t\t\t\t<\/div>\n\t\t\t\t<\/div>\n\t\t\t\t<\/div>\n\t\t<div class=\"elementor-element elementor-element-79f4d8d e-con-full e-flex e-con e-parent\" data-id=\"79f4d8d\" data-element_type=\"container\" data-e-type=\"container\">\n\t\t<div data-dce-background-image-url=\"https:\/\/prodentalut.com\/wp-content\/uploads\/2024\/06\/Untitled-design-2024-06-19T221800.787-1024x427.jpg\" class=\"elementor-element elementor-element-8b5c52e e-con-full e-flex elementor-invisible e-con e-child\" data-id=\"8b5c52e\" data-element_type=\"container\" data-e-type=\"container\" data-settings=\"{&quot;background_background&quot;:&quot;classic&quot;,&quot;animation&quot;:&quot;default&quot;}\">\n\t\t\t\t<div class=\"elementor-element elementor-element-f29bb40 elementor-invisible elementor-widget elementor-widget-text-editor\" data-id=\"f29bb40\" data-element_type=\"widget\" data-e-type=\"widget\" data-settings=\"{&quot;_animation&quot;:&quot;default&quot;,&quot;_animation_delay&quot;:100}\" data-widget_type=\"text-editor.default\">\n\t\t\t\t<div class=\"elementor-widget-container\">\n\t\t\t\t\t\t\t\t\tBOLETIN INFORMATIVO\t\t\t\t\t\t\t\t<\/div>\n\t\t\t\t<\/div>\n\t\t\t\t<div class=\"elementor-element elementor-element-03e166f elementor-invisible elementor-widget elementor-widget-heading\" data-id=\"03e166f\" data-element_type=\"widget\" data-e-type=\"widget\" data-settings=\"{&quot;_animation&quot;:&quot;default&quot;,&quot;_animation_delay&quot;:200}\" data-widget_type=\"heading.default\">\n\t\t\t\t<div class=\"elementor-widget-container\">\n\t\t\t\t\t<p class=\"elementor-heading-title elementor-size-default\">Sigue nuestro bolet\u00edn informativo para estar al tanto\n<\/p>\t\t\t\t<\/div>\n\t\t\t\t<\/div>\n\t\t\t\t<div class=\"elementor-element elementor-element-4d576f7 elementor-button-align-stretch elementor-invisible elementor-widget elementor-widget-form\" data-id=\"4d576f7\" data-element_type=\"widget\" data-e-type=\"widget\" data-settings=\"{&quot;button_width&quot;:&quot;30&quot;,&quot;step_next_label&quot;:&quot;Next&quot;,&quot;step_previous_label&quot;:&quot;Previous&quot;,&quot;button_width_mobile&quot;:&quot;33&quot;,&quot;_animation&quot;:&quot;default&quot;,&quot;_animation_delay&quot;:250,&quot;dce_confirm_dialog_enabled&quot;:&quot;no&quot;,&quot;step_type&quot;:&quot;number_text&quot;,&quot;step_icon_shape&quot;:&quot;circle&quot;,&quot;label_icon_size&quot;:{&quot;unit&quot;:&quot;px&quot;,&quot;size&quot;:&quot;&quot;,&quot;sizes&quot;:[]},&quot;field_icon_size&quot;:{&quot;unit&quot;:&quot;px&quot;,&quot;size&quot;:&quot;&quot;,&quot;sizes&quot;:[]}}\" data-widget_type=\"form.default\">\n\t\t\t\t<div class=\"elementor-widget-container\">\n\t\t\t\t\t\t\t<form class=\"elementor-form\" method=\"post\" name=\"New Form\" aria-label=\"Nueva forma\" action=\"\">\n\t\t\t<input type=\"hidden\" name=\"post_id\" value=\"3981\"\/>\n\t\t\t<input type=\"hidden\" name=\"form_id\" value=\"4d576f7\"\/>\n\t\t\t<input type=\"hidden\" name=\"referer_title\" value=\"Cookies Policy - Professional Dental\" \/>\n\n\t\t\t\t\t\t\t<input type=\"hidden\" name=\"queried_id\" value=\"3981\"\/>\n\t\t\t\n\t\t\t<div class=\"elementor-form-fields-wrapper elementor-labels-\">\n\t\t\t\t\t\t\t\t<div class=\"elementor-field-type-email elementor-field-group elementor-column elementor-field-group-email elementor-col-70 elementor-sm-66 elementor-field-required\">\n\t\t\t\t\t\t\t\t\t\t\t\t<label for=\"form-field-email\" class=\"elementor-field-label elementor-screen-only\">\n\t\t\t\t\t\t\t\tCorreo electr\u00f3nico\t\t\t\t\t\t\t<\/label>\n\t\t\t\t\t\t\t\t\t\t\t\t\t\t<input size=\"1\" type=\"email\" name=\"form_fields[email]\" id=\"form-field-email\" class=\"elementor-field elementor-size-lg  elementor-field-textual\" placeholder=\"Correo electr\u00f3nico\" required=\"required\">\n\t\t\t\t\t\t\t\t\t\t\t<\/div>\n\t\t\t\t\t\t\t\t<div class=\"elementor-field-group elementor-column elementor-field-type-submit elementor-col-30 e-form__buttons elementor-sm-33\">\n\t\t\t\t\t<button class=\"elementor-button elementor-size-lg\" type=\"submit\">\n\t\t\t\t\t\t<span class=\"elementor-button-content-wrapper\">\n\t\t\t\t\t\t\t\t\t\t\t\t\t\t\t\t\t\t\t\t\t\t<span class=\"elementor-button-text\">Subscribir<\/span>\n\t\t\t\t\t\t\t\t\t\t\t\t\t<\/span>\n\t\t\t\t\t<\/button>\n\t\t\t\t<\/div>\n\t\t\t<\/div>\n\t\t<input type=\"hidden\" name=\"trp-form-language\" value=\"es\"\/><\/form>\n\t\t\t\t\t\t<\/div>\n\t\t\t\t<\/div>\n\t\t<div class=\"elementor-element elementor-element-ac874bc e-con-full e-flex elementor-invisible e-con e-child\" data-id=\"ac874bc\" data-element_type=\"container\" data-e-type=\"container\" data-settings=\"{&quot;animation&quot;:&quot;default&quot;,&quot;animation_delay&quot;:250}\">\n\t\t\t\t<div class=\"elementor-element elementor-element-9caf42f elementor-widget elementor-widget-text-editor\" data-id=\"9caf42f\" data-element_type=\"widget\" data-e-type=\"widget\" data-widget_type=\"text-editor.default\">\n\t\t\t\t<div class=\"elementor-widget-container\">\n\t\t\t\t\t\t\t\t\tO s\u00edguenos en nuestras redes sociales\t\t\t\t\t\t\t\t<\/div>\n\t\t\t\t<\/div>\n\t\t\t\t<div class=\"elementor-element elementor-element-ec5309b elementor-widget elementor-widget-ucaddon_social_icons_glare_effect\" data-id=\"ec5309b\" data-element_type=\"widget\" data-e-type=\"widget\" data-widget_type=\"ucaddon_social_icons_glare_effect.default\">\n\t\t\t\t<div class=\"elementor-widget-container\">\n\t\t\t\t\t\n<!-- start Social Icons Glare Effect -->\n\t\t<link id='font-awesome-css' href='https:\/\/prodentalut.com\/wp-content\/plugins\/unlimited-elements-for-elementor-premium\/assets_libraries\/font-awesome6\/fontawesome-all.min.css' type='text\/css' rel='stylesheet' >\n\t\t<link id='font-awesome-4-shim-css' href='https:\/\/prodentalut.com\/wp-content\/plugins\/unlimited-elements-for-elementor-premium\/assets_libraries\/font-awesome6\/fontawesome-v4-shims.min.css' type='text\/css' rel='stylesheet' >\n\n<style>\/* widget: Social Icons Glare Effect *\/\n\n#uc_social_icons_glare_effect_elementor_ec5309b *{\n\n\tbox-sizing: border-box;\n}\n\n#uc_social_icons_glare_effect_elementor_ec5309b{\n\tposition:relative;\n\twidth:100%;\n}\n\n#uc_social_icons_glare_effect_elementor_ec5309b .uc_social-button {\n    box-shadow: 0 0 30px 0 rgba(0, 0, 0, 0.05);\n    display: inline-block;\n    opacity: 1;\n    overflow: hidden;\n    position: relative;\n    text-align: center;\n    transition: all 0.35s cubic-bezier(0.31, -0.105, 0.43, 1.59) 0s;\n    \n}\n#uc_social_icons_glare_effect_elementor_ec5309b .uc_social-button::before {\n    content: \"\";\n    height: 100%;\n    left: 0%;\n    position: absolute;\n    top: 100%;\n    transition: all 0.35s;\n    width: 100%;\n}\n#uc_social_icons_glare_effect_elementor_ec5309b .uc_social-button i {\n    transform: scale(0.8);\n    transition: all 0.35s cubic-bezier(0.31, -0.105, 0.43, 1.59) 0s;\n    vertical-align: middle;\n}\n\n#uc_social_icons_glare_effect_elementor_ec5309b .uc_social-button:focus::before, \n#uc_social_icons_glare_effect_elementor_ec5309b .uc_social-button:hover::before {\n    left: 0%;\n    top: 0%;\n}\n\n#uc_social_icons_glare_effect_elementor_ec5309b .uc_social-button i {\n\tcolor:#000000;\n}\n\n#uc_social_icons_glare_effect_elementor_ec5309b .uc_social-button:hover i {\n\tcolor:#ffffff;\n}\n\n<\/style>\n\n<div class=\"uc_stylish_social_buttons\" id=\"uc_social_icons_glare_effect_elementor_ec5309b\"> \n    <!--uc_container_holder--> \n    <div class=\"uc_social-buttons\">\n    \t<a href=\"https:\/\/www.facebook.com\/ProfessionalDentalandOrtho\" class=\"uc_social-button\" target=\"_blank\" rel=\"noopener\"><i class=\"fab fa-facebook\"><\/i><\/a>\n<a href=\"https:\/\/twitter.com\/prodentalutok\" class=\"uc_social-button\" target=\"_blank\" rel=\"noopener\"><i class=\"fab fa-twitter\"><\/i><\/a>\n<a href=\"https:\/\/www.instagram.com\/professionaldentalut\/\" class=\"uc_social-button\" target=\"_blank\" rel=\"noopener\"><i class=\"fab fa-instagram\"><\/i><\/a>\n<a href=\"https:\/\/www.tiktok.com\/@professionaldentalut\" class=\"uc_social-button\" target=\"_blank\" rel=\"noopener\"><i class=\"fab fa-tiktok\"><\/i><\/a>\n<a href=\"https:\/\/www.linkedin.com\/company\/prodentalut\/\" class=\"uc_social-button\" target=\"_blank\" rel=\"noopener\"><i class=\"fab fa-linkedin-in\"><\/i><\/a>\n\n    <\/div>\n<\/div>\n<!-- end Social Icons Glare Effect -->\t\t\t\t<\/div>\n\t\t\t\t<\/div>\n\t\t\t\t<\/div>\n\t\t\t\t<\/div>\n\t\t<div data-dce-background-overlay-color=\"#FD9191\" data-dce-background-image-url=\"https:\/\/prodentalut.com\/wp-content\/uploads\/2024\/06\/Untitled-design-2024-06-19T221800.787-1024x427.jpg\" class=\"elementor-element elementor-element-94089dc e-con-full e-flex elementor-invisible e-con e-child\" data-id=\"94089dc\" data-element_type=\"container\" data-e-type=\"container\" data-settings=\"{&quot;background_background&quot;:&quot;classic&quot;,&quot;animation&quot;:&quot;default&quot;}\">\n\t\t<div class=\"elementor-element elementor-element-9cdd93c e-con-full e-flex e-con e-child\" data-id=\"9cdd93c\" data-element_type=\"container\" data-e-type=\"container\">\n\t\t\t\t<div class=\"elementor-element elementor-element-0717be1 elementor-invisible elementor-widget elementor-widget-image\" data-id=\"0717be1\" data-element_type=\"widget\" data-e-type=\"widget\" data-settings=\"{&quot;_animation&quot;:&quot;default&quot;}\" data-widget_type=\"image.default\">\n\t\t\t\t<div class=\"elementor-widget-container\">\n\t\t\t\t\t\t\t\t\t\t\t\t\t\t\t<img fetchpriority=\"high\" decoding=\"async\" width=\"512\" height=\"512\" src=\"https:\/\/prodentalut.com\/wp-content\/uploads\/2024\/06\/medical-kit.png\" class=\"attachment-large size-large wp-image-740\" alt=\"- Professional Dental\" srcset=\"https:\/\/prodentalut.com\/wp-content\/uploads\/2024\/06\/medical-kit.png 512w, https:\/\/prodentalut.com\/wp-content\/uploads\/2024\/06\/medical-kit-300x300.png 300w, https:\/\/prodentalut.com\/wp-content\/uploads\/2024\/06\/medical-kit-150x150.png 150w\" sizes=\"(max-width: 512px) 100vw, 512px\" title=\"- Odontolog\u00eda profesional\">\t\t\t\t\t\t\t\t\t\t\t\t\t\t\t<\/div>\n\t\t\t\t<\/div>\n\t\t\t\t<\/div>\n\t\t<div class=\"elementor-element elementor-element-dd9ad48 e-con-full e-flex e-con e-child\" data-id=\"dd9ad48\" data-element_type=\"container\" data-e-type=\"container\">\n\t\t\t\t<div class=\"elementor-element elementor-element-4d08a52 elementor-invisible elementor-widget elementor-widget-heading\" data-id=\"4d08a52\" data-element_type=\"widget\" data-e-type=\"widget\" data-settings=\"{&quot;_animation&quot;:&quot;default&quot;,&quot;_animation_delay&quot;:150}\" data-widget_type=\"heading.default\">\n\t\t\t\t<div class=\"elementor-widget-container\">\n\t\t\t\t\t<h3 class=\"elementor-heading-title elementor-size-default\">L\u00ednea de emergencia:<\/h3>\t\t\t\t<\/div>\n\t\t\t\t<\/div>\n\t\t\t\t<div class=\"elementor-element elementor-element-398c055 elementor-invisible elementor-widget elementor-widget-heading\" data-id=\"398c055\" data-element_type=\"widget\" data-e-type=\"widget\" data-settings=\"{&quot;_animation&quot;:&quot;default&quot;,&quot;_animation_delay&quot;:200}\" data-widget_type=\"heading.default\">\n\t\t\t\t<div class=\"elementor-widget-container\">\n\t\t\t\t\t<p class=\"elementor-heading-title elementor-size-default\"><a href=\"tel:8017858000\">(801) 785 - 8000<\/a><\/p>\t\t\t\t<\/div>\n\t\t\t\t<\/div>\n\t\t\t\t<\/div>\n\t\t\t\t<\/div>\n\t\t\t\t<\/div>\n\t\t\t\t<\/div>","protected":false},"excerpt":{"rendered":"<p>COOKIES POLICY How We Use Cookies Cookies help us understand your preferences, improve site functionality, and deliver personalized content. This section details the types of cookies we use, their purpose, and how you can manage or disable them. Last updated: August 15, 2024 This Cookies Policy explains what Cookies are and how We use them. [&hellip;]<\/p>","protected":false},"author":1,"featured_media":0,"parent":0,"menu_order":0,"comment_status":"closed","ping_status":"closed","template":"elementor_header_footer","meta":{"footnotes":""},"class_list":["post-3981","page","type-page","status-publish","hentry"],"office":null,"reviews":null,"user-image":null,"_links":{"self":[{"href":"https:\/\/prodentalut.com\/es\/wp-json\/wp\/v2\/pages\/3981","targetHints":{"allow":["GET"]}}],"collection":[{"href":"https:\/\/prodentalut.com\/es\/wp-json\/wp\/v2\/pages"}],"about":[{"href":"https:\/\/prodentalut.com\/es\/wp-json\/wp\/v2\/types\/page"}],"author":[{"embeddable":true,"href":"https:\/\/prodentalut.com\/es\/wp-json\/wp\/v2\/users\/1"}],"replies":[{"embeddable":true,"href":"https:\/\/prodentalut.com\/es\/wp-json\/wp\/v2\/comments?post=3981"}],"version-history":[{"count":1,"href":"https:\/\/prodentalut.com\/es\/wp-json\/wp\/v2\/pages\/3981\/revisions"}],"predecessor-version":[{"id":62927,"href":"https:\/\/prodentalut.com\/es\/wp-json\/wp\/v2\/pages\/3981\/revisions\/62927"}],"wp:attachment":[{"href":"https:\/\/prodentalut.com\/es\/wp-json\/wp\/v2\/media?parent=3981"}],"curies":[{"name":"gracias","href":"https:\/\/api.w.org\/{rel}","templated":true}]}}