{"id":70501,"date":"2025-11-24T18:50:31","date_gmt":"2025-11-24T18:50:31","guid":{"rendered":"https:\/\/prodentalut.com\/?page_id=70501"},"modified":"2026-02-02T05:41:24","modified_gmt":"2026-02-02T12:41:24","slug":"request-appointment","status":"publish","type":"page","link":"https:\/\/prodentalut.com\/es\/request-appointment\/","title":{"rendered":"Solicitar Cita"},"content":{"rendered":"<div data-elementor-type=\"wp-page\" data-elementor-id=\"70501\" class=\"elementor elementor-70501\" data-elementor-post-type=\"page\">\n\t\t\t\t<div class=\"elementor-element elementor-element-8c5f3f2 e-flex e-con-boxed elementor-invisible e-con e-parent\" data-id=\"8c5f3f2\" data-element_type=\"container\" data-e-type=\"container\" data-settings=\"{&quot;animation&quot;:&quot;default&quot;,&quot;animation_delay&quot;:100}\">\n\t\t\t\t\t<div class=\"e-con-inner\">\n\t\t<div class=\"elementor-element elementor-element-53287c7 e-con-full e-flex e-con e-child\" data-id=\"53287c7\" data-element_type=\"container\" data-e-type=\"container\">\n\t\t<div class=\"elementor-element elementor-element-934784a e-con-full e-flex e-con e-child\" data-id=\"934784a\" data-element_type=\"container\" data-e-type=\"container\">\n\t\t\t\t<div data-dce-title-color=\"#013A65\" class=\"elementor-element elementor-element-7170c6e elementor-invisible elementor-widget elementor-widget-heading\" data-id=\"7170c6e\" data-element_type=\"widget\" data-e-type=\"widget\" data-settings=\"{&quot;_animation&quot;:&quot;default&quot;,&quot;_animation_delay&quot;:300}\" data-widget_type=\"heading.default\">\n\t\t\t\t<div class=\"elementor-widget-container\">\n\t\t\t\t\t<h2 class=\"elementor-heading-title elementor-size-default\">Reserva tu cita con nuestros M\u00e9dicos<\/h2>\t\t\t\t<\/div>\n\t\t\t\t<\/div>\n\t\t\t\t<div class=\"elementor-element elementor-element-43c96ea elementor-widget elementor-widget-heading\" data-id=\"43c96ea\" data-element_type=\"widget\" data-e-type=\"widget\" data-widget_type=\"heading.default\">\n\t\t\t\t<div class=\"elementor-widget-container\">\n\t\t\t\t\t<h2 class=\"elementor-heading-title elementor-size-default\">En solo 3 pasos, sin necesidad de pago.<\/h2>\t\t\t\t<\/div>\n\t\t\t\t<\/div>\n\t\t\t\t<div class=\"elementor-element elementor-element-e8a1b6a elementor-invisible elementor-widget elementor-widget-text-editor\" data-id=\"e8a1b6a\" data-element_type=\"widget\" data-e-type=\"widget\" data-settings=\"{&quot;_animation&quot;:&quot;default&quot;,&quot;_animation_delay&quot;:300}\" data-widget_type=\"text-editor.default\">\n\t\t\t\t<div class=\"elementor-widget-container\">\n\t\t\t\t\t\t\t\t\t<strong>Su cita a\u00fan no est\u00e1 confirmada.<\/strong> Esta es una solicitud de reserva previa. Uno de nuestros especialistas se pondr\u00e1 en contacto con usted despu\u00e9s de realizarla. Su reserva solo se confirmar\u00e1 una vez que nuestro equipo la verifique por tel\u00e9fono. \t\t\t\t\t\t\t\t<\/div>\n\t\t\t\t<\/div>\n\t\t\t\t<\/div>\n\t\t\t\t<div class=\"elementor-element elementor-element-75bddc7 elementor-widget elementor-widget-shortcode\" data-id=\"75bddc7\" data-element_type=\"widget\" data-e-type=\"widget\" data-widget_type=\"shortcode.default\">\n\t\t\t\t<div class=\"elementor-widget-container\">\n\t\t\t\t\t\t\t<div class=\"elementor-shortcode\"><div class=\"latepoint-book-form-wrapper os-loading os_init_booking_form\" id=\"latepointBookForm_69daf2d352ea3\" >\n\t\t\t\t\t\t<div class=\"latepoint-w latepoint-inline-form latepoint-show-side-panel\">\n\t\t\t\t\t\t\t<div class=\"latepoint-booking-form-element\">\n\t\t\t\t\t\t\t\t<div class=\"latepoint-side-panel\"><\/div>\n\t\t\t\t\t\t\t\t<div class=\"latepoint-form-w\"><\/div>\n\t\t\t\t\t\t\t<\/div>\n\t\t\t\t\t\t<\/div>\n\t\t\t\t\t<\/div>\n<\/div>\n\t\t\t\t\t\t<\/div>\n\t\t\t\t<\/div>\n\t\t\t\t<\/div>\n\t\t\t\t\t<\/div>\n\t\t\t\t<\/div>\n\t\t\t\t<\/div>","protected":false},"excerpt":{"rendered":"<p>Reserve your appointment with our Doctors In just 3 steps \u2014 no payment required. Your appointment is not confirmed yet. This is a pre-booking request, and one of our specialists will contact you after you submit your reservation. Your booking will only be confirmed once our team verifies it with you by phone.<\/p>","protected":false},"author":1,"featured_media":0,"parent":0,"menu_order":0,"comment_status":"closed","ping_status":"closed","template":"elementor_header_footer","meta":{"footnotes":""},"class_list":["post-70501","page","type-page","status-publish","hentry"],"office":null,"reviews":null,"user-image":null,"_links":{"self":[{"href":"https:\/\/prodentalut.com\/es\/wp-json\/wp\/v2\/pages\/70501","targetHints":{"allow":["GET"]}}],"collection":[{"href":"https:\/\/prodentalut.com\/es\/wp-json\/wp\/v2\/pages"}],"about":[{"href":"https:\/\/prodentalut.com\/es\/wp-json\/wp\/v2\/types\/page"}],"author":[{"embeddable":true,"href":"https:\/\/prodentalut.com\/es\/wp-json\/wp\/v2\/users\/1"}],"replies":[{"embeddable":true,"href":"https:\/\/prodentalut.com\/es\/wp-json\/wp\/v2\/comments?post=70501"}],"version-history":[{"count":58,"href":"https:\/\/prodentalut.com\/es\/wp-json\/wp\/v2\/pages\/70501\/revisions"}],"predecessor-version":[{"id":70813,"href":"https:\/\/prodentalut.com\/es\/wp-json\/wp\/v2\/pages\/70501\/revisions\/70813"}],"wp:attachment":[{"href":"https:\/\/prodentalut.com\/es\/wp-json\/wp\/v2\/media?parent=70501"}],"curies":[{"name":"gracias","href":"https:\/\/api.w.org\/{rel}","templated":true}]}}